{"id":866,"date":"2025-12-12T14:43:15","date_gmt":"2025-12-12T14:43:15","guid":{"rendered":"https:\/\/fototage.heimat.co\/?page_id=866"},"modified":"2025-12-15T11:11:01","modified_gmt":"2025-12-15T11:11:01","slug":"fototage-freinsheim","status":"publish","type":"page","link":"https:\/\/fototage.heimat.co\/?page_id=866","title":{"rendered":"\u00dcber"},"content":{"rendered":"\t\t<div data-elementor-type=\"wp-page\" data-elementor-id=\"866\" class=\"elementor elementor-866\" data-elementor-post-type=\"page\">\n\t\t\t\t<div class=\"elementor-element elementor-element-767968d5 e-con-full e-flex e-con e-parent\" data-id=\"767968d5\" data-element_type=\"container\" data-settings=\"{&quot;background_background&quot;:&quot;slideshow&quot;,&quot;background_slideshow_gallery&quot;:[{&quot;id&quot;:624,&quot;url&quot;:&quot;https:\\\/\\\/fototage.heimat.co\\\/wp-content\\\/uploads\\\/2025\\\/09\\\/Hintergrundbild-Fototage-Freinsheim.jpg&quot;}],&quot;background_slideshow_slide_duration&quot;:4000,&quot;background_slideshow_loop&quot;:&quot;yes&quot;,&quot;background_slideshow_slide_transition&quot;:&quot;fade&quot;,&quot;background_slideshow_transition_duration&quot;:500}\">\n\t\t\t\t<div class=\"elementor-element elementor-element-35b99373 elementor-invisible elementor-widget elementor-widget-heading\" data-id=\"35b99373\" data-element_type=\"widget\" data-settings=\"{&quot;_animation&quot;:&quot;slideInUp&quot;}\" data-widget_type=\"heading.default\">\n\t\t\t\t\t<h1 class=\"elementor-heading-title elementor-size-default\">Fototage Freinsheim<\/h1>\t\t\t\t<\/div>\n\t\t\t\t<\/div>\n\t\t<div class=\"elementor-element elementor-element-3498cda2 e-con-full e-flex e-con e-parent\" data-id=\"3498cda2\" data-element_type=\"container\">\n\t\t<div class=\"elementor-element elementor-element-badb3c e-con-full e-flex e-con e-child\" data-id=\"badb3c\" data-element_type=\"container\">\n\t\t\t\t<div class=\"elementor-element elementor-element-7afcc6a4 elementor-cta--skin-classic elementor-animated-content elementor-bg-transform elementor-bg-transform-zoom-in elementor-widget elementor-widget-call-to-action\" data-id=\"7afcc6a4\" data-element_type=\"widget\" data-widget_type=\"call-to-action.default\">\n\t\t\t\t\t\t\t<div class=\"elementor-cta\">\n\t\t\t\t\t<div class=\"elementor-cta__bg-wrapper\">\n\t\t\t\t<div class=\"elementor-cta__bg elementor-bg\" style=\"background-image: url(https:\/\/fototage.heimat.co\/wp-content\/uploads\/2025\/11\/Gross-IMG_3628.jpeg);\" role=\"img\" aria-label=\"Gross-IMG_3628\"><\/div>\n\t\t\t\t<div class=\"elementor-cta__bg-overlay\"><\/div>\n\t\t\t<\/div>\n\t\t\t\t\t\t\t\t<\/div>\n\t\t\t\t\t\t<\/div>\n\t\t\t\t<\/div>\n\t\t<div class=\"elementor-element elementor-element-625d6759 e-con-full e-flex e-con e-child\" data-id=\"625d6759\" data-element_type=\"container\" data-settings=\"{&quot;background_background&quot;:&quot;classic&quot;}\">\n\t\t\t\t<div class=\"elementor-element elementor-element-3863755 elementor-widget elementor-widget-text-editor\" data-id=\"3863755\" data-element_type=\"widget\" data-widget_type=\"text-editor.default\">\n\t\t\t\t\t\t\t\t\t<p>Die Fototage Freinsheim sind DAS Fotofestival der Pfalz. Wir bieten f\u00fcr alle Fotografie-Enthusiasten ein Fest f\u00fcr die Sinne.<\/p><p>Ob Multivisionsshows, Workshops &amp; Seminare, Ausstellungen oder auch einen Foto-Wettbewerb &#8211; f\u00fcr jeden, der sich f\u00fcr Fotografie interessiert, ist etwas dabei.<\/p><p>Wichtig sind uns dabei auch Familien und Kinder, die bei unserem Programm auch voll auf ihre Kosten kommen.<\/p><p>Erg\u00e4nzt wird das Programm durch kulinarische Highlights des Miteinander Vereins in Freinsheim, die uns jedes Jahr mit besonderen K\u00f6stlichkeiten bewirten.<\/p>\t\t\t\t\t\t\t\t<\/div>\n\t\t\t\t<\/div>\n\t\t\t\t<\/div>\n\t\t<div class=\"elementor-element elementor-element-5e7786e e-flex e-con-boxed e-con e-parent\" data-id=\"5e7786e\" data-element_type=\"container\">\n\t\t\t\t\t<div class=\"e-con-inner\">\n\t\t\t\t<div class=\"elementor-element elementor-element-5a4d1a8 elementor-view-default elementor-position-top elementor-mobile-position-top elementor-widget elementor-widget-icon-box\" data-id=\"5a4d1a8\" data-element_type=\"widget\" data-widget_type=\"icon-box.default\">\n\t\t\t\t\t\t\t<div class=\"elementor-icon-box-wrapper\">\n\n\t\t\t\t\t\t<div class=\"elementor-icon-box-icon\">\n\t\t\t\t<a href=\"https:\/\/fototage.heimat.co\/?page_id=784\" class=\"elementor-icon\" tabindex=\"-1\" aria-label=\"Fotograf:innen\">\n\t\t\t\t<svg aria-hidden=\"true\" class=\"e-font-icon-svg e-fas-photo-video\" viewBox=\"0 0 640 512\" xmlns=\"http:\/\/www.w3.org\/2000\/svg\"><path d=\"M608 0H160a32 32 0 0 0-32 32v96h160V64h192v320h128a32 32 0 0 0 32-32V32a32 32 0 0 0-32-32zM232 103a9 9 0 0 1-9 9h-30a9 9 0 0 1-9-9V73a9 9 0 0 1 9-9h30a9 9 0 0 1 9 9zm352 208a9 9 0 0 1-9 9h-30a9 9 0 0 1-9-9v-30a9 9 0 0 1 9-9h30a9 9 0 0 1 9 9zm0-104a9 9 0 0 1-9 9h-30a9 9 0 0 1-9-9v-30a9 9 0 0 1 9-9h30a9 9 0 0 1 9 9zm0-104a9 9 0 0 1-9 9h-30a9 9 0 0 1-9-9V73a9 9 0 0 1 9-9h30a9 9 0 0 1 9 9zm-168 57H32a32 32 0 0 0-32 32v288a32 32 0 0 0 32 32h384a32 32 0 0 0 32-32V192a32 32 0 0 0-32-32zM96 224a32 32 0 1 1-32 32 32 32 0 0 1 32-32zm288 224H64v-32l64-64 32 32 128-128 96 96z\"><\/path><\/svg>\t\t\t\t<\/a>\n\t\t\t<\/div>\n\t\t\t\n\t\t\t\t\t\t<div class=\"elementor-icon-box-content\">\n\n\t\t\t\t\t\t\t\t\t<h4 class=\"elementor-icon-box-title\">\n\t\t\t\t\t\t<a href=\"https:\/\/fototage.heimat.co\/?page_id=784\" >\n\t\t\t\t\t\t\tFotograf:innen\t\t\t\t\t\t<\/a>\n\t\t\t\t\t<\/h4>\n\t\t\t\t\n\t\t\t\t\t\t\t\t\t<p class=\"elementor-icon-box-description\">\n\t\t\t\t\t\tAlle Infos zu den Fotograf:innen der diesj\u00e4hrigen Ausgabe der Fototage Freinsheim.\t\t\t\t\t<\/p>\n\t\t\t\t\n\t\t\t<\/div>\n\t\t\t\n\t\t<\/div>\n\t\t\t\t\t\t<\/div>\n\t\t\t\t<div class=\"elementor-element elementor-element-bf03664 elementor-view-default elementor-position-top elementor-mobile-position-top elementor-widget elementor-widget-icon-box\" data-id=\"bf03664\" data-element_type=\"widget\" data-widget_type=\"icon-box.default\">\n\t\t\t\t\t\t\t<div class=\"elementor-icon-box-wrapper\">\n\n\t\t\t\t\t\t<div class=\"elementor-icon-box-icon\">\n\t\t\t\t<a href=\"https:\/\/fototage.heimat.co\/?page_id=863\" class=\"elementor-icon\" tabindex=\"-1\" aria-label=\"Sponsoren &amp; F\u00f6rderer\">\n\t\t\t\t<svg aria-hidden=\"true\" class=\"e-font-icon-svg e-far-money-bill-alt\" viewBox=\"0 0 640 512\" xmlns=\"http:\/\/www.w3.org\/2000\/svg\"><path d=\"M320 144c-53.02 0-96 50.14-96 112 0 61.85 42.98 112 96 112 53 0 96-50.13 96-112 0-61.86-42.98-112-96-112zm40 168c0 4.42-3.58 8-8 8h-64c-4.42 0-8-3.58-8-8v-16c0-4.42 3.58-8 8-8h16v-55.44l-.47.31a7.992 7.992 0 0 1-11.09-2.22l-8.88-13.31a7.992 7.992 0 0 1 2.22-11.09l15.33-10.22a23.99 23.99 0 0 1 13.31-4.03H328c4.42 0 8 3.58 8 8v88h16c4.42 0 8 3.58 8 8v16zM608 64H32C14.33 64 0 78.33 0 96v320c0 17.67 14.33 32 32 32h576c17.67 0 32-14.33 32-32V96c0-17.67-14.33-32-32-32zm-16 272c-35.35 0-64 28.65-64 64H112c0-35.35-28.65-64-64-64V176c35.35 0 64-28.65 64-64h416c0 35.35 28.65 64 64 64v160z\"><\/path><\/svg>\t\t\t\t<\/a>\n\t\t\t<\/div>\n\t\t\t\n\t\t\t\t\t\t<div class=\"elementor-icon-box-content\">\n\n\t\t\t\t\t\t\t\t\t<h4 class=\"elementor-icon-box-title\">\n\t\t\t\t\t\t<a href=\"https:\/\/fototage.heimat.co\/?page_id=863\" >\n\t\t\t\t\t\t\tSponsoren &amp; F\u00f6rderer\t\t\t\t\t\t<\/a>\n\t\t\t\t\t<\/h4>\n\t\t\t\t\n\t\t\t\t\t\t\t\t\t<p class=\"elementor-icon-box-description\">\n\t\t\t\t\t\tOhne die Hilfe vieler Einzelner und Unternehmen, w\u00e4re diese Veranstaltung unm\u00f6glich durchf\u00fchrbar. Daher bedanken wir uns ganz herzlich bei unseren Sponsoren und F\u00f6rderern\t\t\t\t\t<\/p>\n\t\t\t\t\n\t\t\t<\/div>\n\t\t\t\n\t\t<\/div>\n\t\t\t\t\t\t<\/div>\n\t\t\t\t<div class=\"elementor-element elementor-element-f5fc7e4 elementor-view-default elementor-position-top elementor-mobile-position-top elementor-widget elementor-widget-icon-box\" data-id=\"f5fc7e4\" data-element_type=\"widget\" data-widget_type=\"icon-box.default\">\n\t\t\t\t\t\t\t<div class=\"elementor-icon-box-wrapper\">\n\n\t\t\t\t\t\t<div class=\"elementor-icon-box-icon\">\n\t\t\t\t<a href=\"https:\/\/fototage.heimat.co\/?page_id=64\" class=\"elementor-icon\" tabindex=\"-1\" aria-label=\"\u00dcber uns\">\n\t\t\t\t<svg aria-hidden=\"true\" class=\"e-font-icon-svg e-fas-thumbtack\" viewBox=\"0 0 384 512\" xmlns=\"http:\/\/www.w3.org\/2000\/svg\"><path d=\"M298.028 214.267L285.793 96H328c13.255 0 24-10.745 24-24V24c0-13.255-10.745-24-24-24H56C42.745 0 32 10.745 32 24v48c0 13.255 10.745 24 24 24h42.207L85.972 214.267C37.465 236.82 0 277.261 0 328c0 13.255 10.745 24 24 24h136v104.007c0 1.242.289 2.467.845 3.578l24 48c2.941 5.882 11.364 5.893 14.311 0l24-48a8.008 8.008 0 0 0 .845-3.578V352h136c13.255 0 24-10.745 24-24-.001-51.183-37.983-91.42-85.973-113.733z\"><\/path><\/svg>\t\t\t\t<\/a>\n\t\t\t<\/div>\n\t\t\t\n\t\t\t\t\t\t<div class=\"elementor-icon-box-content\">\n\n\t\t\t\t\t\t\t\t\t<h3 class=\"elementor-icon-box-title\">\n\t\t\t\t\t\t<a href=\"https:\/\/fototage.heimat.co\/?page_id=64\" >\n\t\t\t\t\t\t\t\u00dcber uns\t\t\t\t\t\t<\/a>\n\t\t\t\t\t<\/h3>\n\t\t\t\t\n\t\t\t\t\t\t\t\t\t<p class=\"elementor-icon-box-description\">\n\t\t\t\t\t\tMehr Informationen \u00fcber den Veranstalter und die Gemeinn\u00fctzigkeit des Foto-Festivals.\t\t\t\t\t<\/p>\n\t\t\t\t\n\t\t\t<\/div>\n\t\t\t\n\t\t<\/div>\n\t\t\t\t\t\t<\/div>\n\t\t\t\t\t<\/div>\n\t\t\t\t<\/div>\n\t\t\t\t<\/div>\n\t\t","protected":false},"excerpt":{"rendered":"<p>Fototage Freinsheim Die Fototage Freinsheim sind DAS Fotofestival der Pfalz. Wir bieten f\u00fcr alle Fotografie-Enthusiasten ein Fest f\u00fcr die Sinne. Ob Multivisionsshows, Workshops &amp; Seminare, Ausstellungen oder auch einen Foto-Wettbewerb &#8211; f\u00fcr jeden, der sich f\u00fcr Fotografie interessiert, ist etwas dabei. Wichtig sind uns dabei auch Familien und Kinder, die bei unserem Programm auch voll [&hellip;]<\/p>\n","protected":false},"author":1,"featured_media":99,"parent":0,"menu_order":0,"comment_status":"closed","ping_status":"closed","template":"elementor_header_footer","meta":{"footnotes":""},"class_list":["post-866","page","type-page","status-publish","has-post-thumbnail","hentry"],"yoast_head":"<!-- This site is optimized with the Yoast SEO plugin v26.5 - https:\/\/yoast.com\/wordpress\/plugins\/seo\/ -->\n<title>\u00dcber - Fototage Freinsheim - DAS Fotofestival der Pfalz<\/title>\n<meta name=\"robots\" content=\"noindex, follow, max-snippet:-1, max-image-preview:large, max-video-preview:-1\" \/>\n<meta property=\"og:locale\" content=\"de_DE\" \/>\n<meta property=\"og:type\" content=\"article\" \/>\n<meta property=\"og:title\" content=\"\u00dcber - Fototage Freinsheim - DAS Fotofestival der Pfalz\" \/>\n<meta property=\"og:description\" content=\"Fototage Freinsheim Die Fototage Freinsheim sind DAS Fotofestival der Pfalz. Wir bieten f\u00fcr alle Fotografie-Enthusiasten ein Fest f\u00fcr die Sinne. Ob Multivisionsshows, Workshops &amp; Seminare, Ausstellungen oder auch einen Foto-Wettbewerb &#8211; f\u00fcr jeden, der sich f\u00fcr Fotografie interessiert, ist etwas dabei. Wichtig sind uns dabei auch Familien und Kinder, die bei unserem Programm auch voll [&hellip;]\" \/>\n<meta property=\"og:url\" content=\"https:\/\/fototage.heimat.co\/?page_id=866\" \/>\n<meta property=\"og:site_name\" content=\"Fototage Freinsheim - DAS Fotofestival der Pfalz\" \/>\n<meta property=\"article:modified_time\" content=\"2025-12-15T11:11:01+00:00\" \/>\n<meta property=\"og:image\" content=\"https:\/\/fototage.heimat.co\/wp-content\/uploads\/2025\/12\/Handmade-Kid-Shop-Home.jpg\" \/>\n\t<meta property=\"og:image:width\" content=\"400\" \/>\n\t<meta property=\"og:image:height\" content=\"380\" \/>\n\t<meta property=\"og:image:type\" content=\"image\/jpeg\" \/>\n<meta name=\"twitter:card\" content=\"summary_large_image\" \/>\n<meta name=\"twitter:label1\" content=\"Gesch\u00e4tzte Lesezeit\" \/>\n\t<meta name=\"twitter:data1\" content=\"1\u00a0Minute\" \/>\n<script type=\"application\/ld+json\" class=\"yoast-schema-graph\">{\"@context\":\"https:\/\/schema.org\",\"@graph\":[{\"@type\":\"WebPage\",\"@id\":\"https:\/\/fototage.heimat.co\/?page_id=866\",\"url\":\"https:\/\/fototage.heimat.co\/?page_id=866\",\"name\":\"\u00dcber - Fototage Freinsheim - DAS Fotofestival der Pfalz\",\"isPartOf\":{\"@id\":\"https:\/\/fototage.heimat.co\/#website\"},\"primaryImageOfPage\":{\"@id\":\"https:\/\/fototage.heimat.co\/?page_id=866#primaryimage\"},\"image\":{\"@id\":\"https:\/\/fototage.heimat.co\/?page_id=866#primaryimage\"},\"thumbnailUrl\":\"https:\/\/fototage.heimat.co\/wp-content\/uploads\/2025\/12\/Handmade-Kid-Shop-Home.jpg\",\"datePublished\":\"2025-12-12T14:43:15+00:00\",\"dateModified\":\"2025-12-15T11:11:01+00:00\",\"breadcrumb\":{\"@id\":\"https:\/\/fototage.heimat.co\/?page_id=866#breadcrumb\"},\"inLanguage\":\"de\",\"potentialAction\":[{\"@type\":\"ReadAction\",\"target\":[\"https:\/\/fototage.heimat.co\/?page_id=866\"]}]},{\"@type\":\"ImageObject\",\"inLanguage\":\"de\",\"@id\":\"https:\/\/fototage.heimat.co\/?page_id=866#primaryimage\",\"url\":\"https:\/\/fototage.heimat.co\/wp-content\/uploads\/2025\/12\/Handmade-Kid-Shop-Home.jpg\",\"contentUrl\":\"https:\/\/fototage.heimat.co\/wp-content\/uploads\/2025\/12\/Handmade-Kid-Shop-Home.jpg\",\"width\":400,\"height\":380},{\"@type\":\"BreadcrumbList\",\"@id\":\"https:\/\/fototage.heimat.co\/?page_id=866#breadcrumb\",\"itemListElement\":[{\"@type\":\"ListItem\",\"position\":1,\"name\":\"Startseite\",\"item\":\"https:\/\/fototage.heimat.co\/\"},{\"@type\":\"ListItem\",\"position\":2,\"name\":\"\u00dcber\"}]},{\"@type\":\"WebSite\",\"@id\":\"https:\/\/fototage.heimat.co\/#website\",\"url\":\"https:\/\/fototage.heimat.co\/\",\"name\":\"Fototage Freinsheim - DAS Fotofestival der Pfalz\",\"description\":\"Fototage Freinsheim - DAS Fotofestival der Pfalz\",\"publisher\":{\"@id\":\"https:\/\/fototage.heimat.co\/#organization\"},\"potentialAction\":[{\"@type\":\"SearchAction\",\"target\":{\"@type\":\"EntryPoint\",\"urlTemplate\":\"https:\/\/fototage.heimat.co\/?s={search_term_string}\"},\"query-input\":{\"@type\":\"PropertyValueSpecification\",\"valueRequired\":true,\"valueName\":\"search_term_string\"}}],\"inLanguage\":\"de\"},{\"@type\":\"Organization\",\"@id\":\"https:\/\/fototage.heimat.co\/#organization\",\"name\":\"Fototage Freinsheim - DAS Fotofestival der Pfalz\",\"url\":\"https:\/\/fototage.heimat.co\/\",\"logo\":{\"@type\":\"ImageObject\",\"inLanguage\":\"de\",\"@id\":\"https:\/\/fototage.heimat.co\/#\/schema\/logo\/image\/\",\"url\":\"https:\/\/fototage.heimat.co\/wp-content\/uploads\/2023\/03\/cropped-Icon-Fototage-Freinsheim-1.png\",\"contentUrl\":\"https:\/\/fototage.heimat.co\/wp-content\/uploads\/2023\/03\/cropped-Icon-Fototage-Freinsheim-1.png\",\"width\":512,\"height\":512,\"caption\":\"Fototage Freinsheim - DAS Fotofestival der Pfalz\"},\"image\":{\"@id\":\"https:\/\/fototage.heimat.co\/#\/schema\/logo\/image\/\"}}]}<\/script>\n<!-- \/ Yoast SEO plugin. -->","yoast_head_json":{"title":"\u00dcber - Fototage Freinsheim - DAS Fotofestival der Pfalz","robots":{"index":"noindex","follow":"follow","max-snippet":"max-snippet:-1","max-image-preview":"max-image-preview:large","max-video-preview":"max-video-preview:-1"},"og_locale":"de_DE","og_type":"article","og_title":"\u00dcber - Fototage Freinsheim - DAS Fotofestival der Pfalz","og_description":"Fototage Freinsheim Die Fototage Freinsheim sind DAS Fotofestival der Pfalz. Wir bieten f\u00fcr alle Fotografie-Enthusiasten ein Fest f\u00fcr die Sinne. Ob Multivisionsshows, Workshops &amp; Seminare, Ausstellungen oder auch einen Foto-Wettbewerb &#8211; f\u00fcr jeden, der sich f\u00fcr Fotografie interessiert, ist etwas dabei. Wichtig sind uns dabei auch Familien und Kinder, die bei unserem Programm auch voll [&hellip;]","og_url":"https:\/\/fototage.heimat.co\/?page_id=866","og_site_name":"Fototage Freinsheim - DAS Fotofestival der Pfalz","article_modified_time":"2025-12-15T11:11:01+00:00","og_image":[{"width":400,"height":380,"url":"https:\/\/fototage.heimat.co\/wp-content\/uploads\/2025\/12\/Handmade-Kid-Shop-Home.jpg","type":"image\/jpeg"}],"twitter_card":"summary_large_image","twitter_misc":{"Gesch\u00e4tzte Lesezeit":"1\u00a0Minute"},"schema":{"@context":"https:\/\/schema.org","@graph":[{"@type":"WebPage","@id":"https:\/\/fototage.heimat.co\/?page_id=866","url":"https:\/\/fototage.heimat.co\/?page_id=866","name":"\u00dcber - Fototage Freinsheim - DAS Fotofestival der Pfalz","isPartOf":{"@id":"https:\/\/fototage.heimat.co\/#website"},"primaryImageOfPage":{"@id":"https:\/\/fototage.heimat.co\/?page_id=866#primaryimage"},"image":{"@id":"https:\/\/fototage.heimat.co\/?page_id=866#primaryimage"},"thumbnailUrl":"https:\/\/fototage.heimat.co\/wp-content\/uploads\/2025\/12\/Handmade-Kid-Shop-Home.jpg","datePublished":"2025-12-12T14:43:15+00:00","dateModified":"2025-12-15T11:11:01+00:00","breadcrumb":{"@id":"https:\/\/fototage.heimat.co\/?page_id=866#breadcrumb"},"inLanguage":"de","potentialAction":[{"@type":"ReadAction","target":["https:\/\/fototage.heimat.co\/?page_id=866"]}]},{"@type":"ImageObject","inLanguage":"de","@id":"https:\/\/fototage.heimat.co\/?page_id=866#primaryimage","url":"https:\/\/fototage.heimat.co\/wp-content\/uploads\/2025\/12\/Handmade-Kid-Shop-Home.jpg","contentUrl":"https:\/\/fototage.heimat.co\/wp-content\/uploads\/2025\/12\/Handmade-Kid-Shop-Home.jpg","width":400,"height":380},{"@type":"BreadcrumbList","@id":"https:\/\/fototage.heimat.co\/?page_id=866#breadcrumb","itemListElement":[{"@type":"ListItem","position":1,"name":"Startseite","item":"https:\/\/fototage.heimat.co\/"},{"@type":"ListItem","position":2,"name":"\u00dcber"}]},{"@type":"WebSite","@id":"https:\/\/fototage.heimat.co\/#website","url":"https:\/\/fototage.heimat.co\/","name":"Fototage Freinsheim - DAS Fotofestival der Pfalz","description":"Fototage Freinsheim - DAS Fotofestival der Pfalz","publisher":{"@id":"https:\/\/fototage.heimat.co\/#organization"},"potentialAction":[{"@type":"SearchAction","target":{"@type":"EntryPoint","urlTemplate":"https:\/\/fototage.heimat.co\/?s={search_term_string}"},"query-input":{"@type":"PropertyValueSpecification","valueRequired":true,"valueName":"search_term_string"}}],"inLanguage":"de"},{"@type":"Organization","@id":"https:\/\/fototage.heimat.co\/#organization","name":"Fototage Freinsheim - DAS Fotofestival der Pfalz","url":"https:\/\/fototage.heimat.co\/","logo":{"@type":"ImageObject","inLanguage":"de","@id":"https:\/\/fototage.heimat.co\/#\/schema\/logo\/image\/","url":"https:\/\/fototage.heimat.co\/wp-content\/uploads\/2023\/03\/cropped-Icon-Fototage-Freinsheim-1.png","contentUrl":"https:\/\/fototage.heimat.co\/wp-content\/uploads\/2023\/03\/cropped-Icon-Fototage-Freinsheim-1.png","width":512,"height":512,"caption":"Fototage Freinsheim - DAS Fotofestival der Pfalz"},"image":{"@id":"https:\/\/fototage.heimat.co\/#\/schema\/logo\/image\/"}}]}},"_links":{"self":[{"href":"https:\/\/fototage.heimat.co\/index.php?rest_route=\/wp\/v2\/pages\/866","targetHints":{"allow":["GET"]}}],"collection":[{"href":"https:\/\/fototage.heimat.co\/index.php?rest_route=\/wp\/v2\/pages"}],"about":[{"href":"https:\/\/fototage.heimat.co\/index.php?rest_route=\/wp\/v2\/types\/page"}],"author":[{"embeddable":true,"href":"https:\/\/fototage.heimat.co\/index.php?rest_route=\/wp\/v2\/users\/1"}],"replies":[{"embeddable":true,"href":"https:\/\/fototage.heimat.co\/index.php?rest_route=%2Fwp%2Fv2%2Fcomments&post=866"}],"version-history":[{"count":8,"href":"https:\/\/fototage.heimat.co\/index.php?rest_route=\/wp\/v2\/pages\/866\/revisions"}],"predecessor-version":[{"id":944,"href":"https:\/\/fototage.heimat.co\/index.php?rest_route=\/wp\/v2\/pages\/866\/revisions\/944"}],"wp:featuredmedia":[{"embeddable":true,"href":"https:\/\/fototage.heimat.co\/index.php?rest_route=\/wp\/v2\/media\/99"}],"wp:attachment":[{"href":"https:\/\/fototage.heimat.co\/index.php?rest_route=%2Fwp%2Fv2%2Fmedia&parent=866"}],"curies":[{"name":"wp","href":"https:\/\/api.w.org\/{rel}","templated":true}]}}