{"id":64,"date":"2025-12-08T10:30:39","date_gmt":"2025-12-08T10:30:39","guid":{"rendered":"https:\/\/fototage.heimat.co\/?page_id=64"},"modified":"2025-12-12T09:58:56","modified_gmt":"2025-12-12T09:58:56","slug":"ueber-uns","status":"publish","type":"page","link":"https:\/\/fototage.heimat.co\/?page_id=64","title":{"rendered":"\u00dcber uns"},"content":{"rendered":"\t\t<div data-elementor-type=\"wp-page\" data-elementor-id=\"64\" class=\"elementor elementor-64\" data-elementor-post-type=\"page\">\n\t\t\t\t<div class=\"elementor-element elementor-element-197771d7 e-con-full e-flex e-con e-parent\" data-id=\"197771d7\" data-element_type=\"container\">\n\t\t<div class=\"elementor-element elementor-element-18f3b1e7 e-con-full e-flex e-con e-child\" data-id=\"18f3b1e7\" data-element_type=\"container\">\n\t\t\t\t<div class=\"elementor-element elementor-element-484d5e2c elementor-invisible elementor-widget elementor-widget-icon-box\" data-id=\"484d5e2c\" data-element_type=\"widget\" data-settings=\"{&quot;_animation&quot;:&quot;fadeInRight&quot;}\" data-widget_type=\"icon-box.default\">\n\t\t\t\t\t\t\t<div class=\"elementor-icon-box-wrapper\">\n\n\t\t\t\n\t\t\t\t\t\t<div class=\"elementor-icon-box-content\">\n\n\t\t\t\t\t\t\t\t\t<h1 class=\"elementor-icon-box-title\">\n\t\t\t\t\t\t<span  >\n\t\t\t\t\t\t\t\u00dcber uns\t\t\t\t\t\t<\/span>\n\t\t\t\t\t<\/h1>\n\t\t\t\t\n\t\t\t\t\n\t\t\t<\/div>\n\t\t\t\n\t\t<\/div>\n\t\t\t\t\t\t<\/div>\n\t\t\t\t<div class=\"elementor-element elementor-element-b2c3a74 elementor-widget elementor-widget-text-editor\" data-id=\"b2c3a74\" data-element_type=\"widget\" data-widget_type=\"text-editor.default\">\n\t\t\t\t\t\t\t\t\t<h3>Andr\u00e9 Straub<\/h3><p>ist Begr\u00fcnder und Organisator der Fototage Freinsheim (geb. 1972). Er besch\u00e4ftigt sich seit 2013 mit der Fotografie. Begonnen hat er noch in der nichtdigitalen Fotografie, um dann zumeist sich der Landschafts- und Naturfotografie zu widmen.<span class=\"Apple-converted-space\"> 2020 hat er das Unternehmen Heimatlichter GmbH mitbegr\u00fcndet, welches Foto-Events, Fineartprints, Auftragsfotografie und virtuelle Ausstellung anbietet.<\/span><\/p><p>Am meisten ist er dabei vom s\u00fcdlichen Afrika und Namibia fasziniert. Diese Region bietet beeindruckende Panoramas, Tierbegegnungen und unglaublich freundliche Menschen.<\/p><p>Ansonsten ist er oft im Pf\u00e4lzerwald unterwegs, um zum Sonnenauf- oder Untergang auf \u201eFelsenjagd\u201c zu gehen. Die vielen hundert Felsen faszinieren ihn seit langem. Er bewandert diese gern, um den Pf\u00e4lzerwald von seiner sch\u00f6nsten Seite zu fotografieren.<\/p>\t\t\t\t\t\t\t\t<\/div>\n\t\t\t\t<div class=\"elementor-element elementor-element-2308c4c2 animated-slow elementor-invisible elementor-widget elementor-widget-spacer\" data-id=\"2308c4c2\" data-element_type=\"widget\" data-settings=\"{&quot;_animation&quot;:&quot;fadeInLeft&quot;}\" data-widget_type=\"spacer.default\">\n\t\t\t\t\t\t\t<div class=\"elementor-spacer\">\n\t\t\t<div class=\"elementor-spacer-inner\"><\/div>\n\t\t<\/div>\n\t\t\t\t\t\t<\/div>\n\t\t\t\t<\/div>\n\t\t<div class=\"elementor-element elementor-element-706a157c e-con-full e-flex e-con e-child\" data-id=\"706a157c\" data-element_type=\"container\" data-settings=\"{&quot;background_background&quot;:&quot;classic&quot;,&quot;background_motion_fx_motion_fx_scrolling&quot;:&quot;yes&quot;,&quot;background_motion_fx_scale_effect&quot;:&quot;yes&quot;,&quot;background_motion_fx_scale_range&quot;:{&quot;unit&quot;:&quot;%&quot;,&quot;size&quot;:&quot;&quot;,&quot;sizes&quot;:{&quot;start&quot;:35,&quot;end&quot;:100}},&quot;background_motion_fx_scale_direction&quot;:&quot;out-in&quot;,&quot;background_motion_fx_scale_speed&quot;:{&quot;unit&quot;:&quot;px&quot;,&quot;size&quot;:4,&quot;sizes&quot;:[]},&quot;background_motion_fx_devices&quot;:[&quot;desktop&quot;,&quot;tablet&quot;,&quot;mobile&quot;]}\">\n\t\t\t\t<\/div>\n\t\t\t\t<\/div>\n\t\t<div class=\"elementor-element elementor-element-6c87940d e-con-full e-flex e-con e-parent\" data-id=\"6c87940d\" data-element_type=\"container\">\n\t\t<div class=\"elementor-element elementor-element-62f9692 e-con-full e-flex e-con e-child\" data-id=\"62f9692\" data-element_type=\"container\">\n\t\t\t\t<div class=\"elementor-element elementor-element-2d63ca99 elementor-invisible elementor-widget elementor-widget-image\" data-id=\"2d63ca99\" data-element_type=\"widget\" data-settings=\"{&quot;motion_fx_motion_fx_scrolling&quot;:&quot;yes&quot;,&quot;motion_fx_translateY_effect&quot;:&quot;yes&quot;,&quot;motion_fx_translateY_direction&quot;:&quot;negative&quot;,&quot;motion_fx_translateY_affectedRange&quot;:{&quot;unit&quot;:&quot;%&quot;,&quot;size&quot;:&quot;&quot;,&quot;sizes&quot;:{&quot;start&quot;:50,&quot;end&quot;:100}},&quot;motion_fx_devices&quot;:[&quot;desktop&quot;,&quot;tablet&quot;],&quot;_animation&quot;:&quot;fadeInUp&quot;,&quot;motion_fx_translateY_speed&quot;:{&quot;unit&quot;:&quot;px&quot;,&quot;size&quot;:4,&quot;sizes&quot;:[]}}\" data-widget_type=\"image.default\">\n\t\t\t\t\t\t\t\t\t\t\t\t\t\t\t<img fetchpriority=\"high\" decoding=\"async\" width=\"2560\" height=\"1707\" src=\"https:\/\/fototage.heimat.co\/wp-content\/uploads\/2019\/10\/IMG_0167-scaled.jpg\" class=\"attachment-full size-full wp-image-170\" alt=\"\" srcset=\"https:\/\/fototage.heimat.co\/wp-content\/uploads\/2019\/10\/IMG_0167-scaled.jpg 2560w, https:\/\/fototage.heimat.co\/wp-content\/uploads\/2019\/10\/IMG_0167-300x200.jpg 300w, https:\/\/fototage.heimat.co\/wp-content\/uploads\/2019\/10\/IMG_0167-1024x683.jpg 1024w, https:\/\/fototage.heimat.co\/wp-content\/uploads\/2019\/10\/IMG_0167-768x512.jpg 768w, https:\/\/fototage.heimat.co\/wp-content\/uploads\/2019\/10\/IMG_0167-1536x1024.jpg 1536w, https:\/\/fototage.heimat.co\/wp-content\/uploads\/2019\/10\/IMG_0167-2048x1365.jpg 2048w\" sizes=\"(max-width: 2560px) 100vw, 2560px\" \/>\t\t\t\t\t\t\t\t\t\t\t\t\t\t\t<\/div>\n\t\t\t\t<\/div>\n\t\t<div class=\"elementor-element elementor-element-cc7c57a e-con-full e-flex e-con e-child\" data-id=\"cc7c57a\" data-element_type=\"container\" data-settings=\"{&quot;background_background&quot;:&quot;classic&quot;}\">\n\t\t\t\t<div class=\"elementor-element elementor-element-3dc91419 animated-slow elementor-invisible elementor-widget elementor-widget-image\" data-id=\"3dc91419\" data-element_type=\"widget\" data-settings=\"{&quot;motion_fx_motion_fx_scrolling&quot;:&quot;yes&quot;,&quot;motion_fx_devices&quot;:[&quot;desktop&quot;,&quot;tablet&quot;],&quot;motion_fx_motion_fx_mouse&quot;:&quot;yes&quot;,&quot;motion_fx_mouseTrack_effect&quot;:&quot;yes&quot;,&quot;motion_fx_mouseTrack_speed&quot;:{&quot;unit&quot;:&quot;px&quot;,&quot;size&quot;:0.1,&quot;sizes&quot;:[]},&quot;_animation&quot;:&quot;fadeInLeft&quot;}\" data-widget_type=\"image.default\">\n\t\t\t\t\t\t\t\t\t\t\t\t\t\t\t<img decoding=\"async\" width=\"1200\" height=\"800\" src=\"https:\/\/fototage.heimat.co\/wp-content\/uploads\/2025\/11\/6.-Fototage-Freinsheim-19.jpg\" class=\"attachment-full size-full wp-image-651\" alt=\"\" srcset=\"https:\/\/fototage.heimat.co\/wp-content\/uploads\/2025\/11\/6.-Fototage-Freinsheim-19.jpg 1200w, https:\/\/fototage.heimat.co\/wp-content\/uploads\/2025\/11\/6.-Fototage-Freinsheim-19-300x200.jpg 300w, https:\/\/fototage.heimat.co\/wp-content\/uploads\/2025\/11\/6.-Fototage-Freinsheim-19-1024x683.jpg 1024w, https:\/\/fototage.heimat.co\/wp-content\/uploads\/2025\/11\/6.-Fototage-Freinsheim-19-768x512.jpg 768w\" sizes=\"(max-width: 1200px) 100vw, 1200px\" \/>\t\t\t\t\t\t\t\t\t\t\t\t\t\t\t<\/div>\n\t\t\t\t<div class=\"elementor-element elementor-element-9f24adc elementor-invisible elementor-widget elementor-widget-heading\" data-id=\"9f24adc\" data-element_type=\"widget\" data-settings=\"{&quot;_animation&quot;:&quot;slideInUp&quot;}\" data-widget_type=\"heading.default\">\n\t\t\t\t\t<h2 class=\"elementor-heading-title elementor-size-default\">Gemeinn\u00fctzig<\/h2>\t\t\t\t<\/div>\n\t\t\t\t<div class=\"elementor-element elementor-element-21ef804a elementor-invisible elementor-widget elementor-widget-text-editor\" data-id=\"21ef804a\" data-element_type=\"widget\" data-settings=\"{&quot;_animation&quot;:&quot;slideInDown&quot;}\" data-widget_type=\"text-editor.default\">\n\t\t\t\t\t\t\t\t\t<p>Seit dem Start der Fototage Freinsheim liegt uns die Unterst\u00fctzung und das Miteinander am Herzen. Daher flie\u00dfen seit Anfang alle \u00dcbersch\u00fcsse der Einnahmen an eine gemeinn\u00fctzige Organisation, und zwar an die Gqaina School in Namibia. Diese unterrichtet Kinder &amp; Jugendliche vor allem aus der Bev\u00f6lkerungsgruppe der San in Namibia. Mit unserer kleinen Unterst\u00fctzung werden dabei kleine Projekte gef\u00f6rdert oder auch Dinge zum t\u00e4glichen Leben vor Ort gekauft.<\/p><p>Weiterhin arbeiten wir seit Beginn mit dem Miteinander Verein der VG Freinsheim zusammen. Der Verein unterst\u00fctzt seit vielen Jahren Fl\u00fcchtlinge, die nach Freinsheim kommen. Er hilft dabei, den Alltag zu meistern, Deutsch zu lernen, B\u00fcrokratie und Arbeit zu bew\u00e4ltigen, das soziale Miteinander zu verstehen und Teil unserer Gemeinschaft zu werden. Der Verein bietet an den Fototage immer tolles Essen an.<\/p>\t\t\t\t\t\t\t\t<\/div>\n\t\t\t\t<div class=\"elementor-element elementor-element-7a855f9d animated-slow elementor-invisible elementor-widget elementor-widget-image\" data-id=\"7a855f9d\" data-element_type=\"widget\" data-settings=\"{&quot;motion_fx_motion_fx_scrolling&quot;:&quot;yes&quot;,&quot;motion_fx_devices&quot;:[&quot;desktop&quot;,&quot;tablet&quot;],&quot;motion_fx_motion_fx_mouse&quot;:&quot;yes&quot;,&quot;motion_fx_mouseTrack_effect&quot;:&quot;yes&quot;,&quot;motion_fx_mouseTrack_direction&quot;:&quot;negative&quot;,&quot;motion_fx_mouseTrack_speed&quot;:{&quot;unit&quot;:&quot;px&quot;,&quot;size&quot;:0.1,&quot;sizes&quot;:[]},&quot;_animation&quot;:&quot;fadeInRight&quot;}\" data-widget_type=\"image.default\">\n\t\t\t\t\t\t\t\t\t\t\t\t\t\t\t<img decoding=\"async\" width=\"1280\" height=\"960\" src=\"https:\/\/fototage.heimat.co\/wp-content\/uploads\/2022\/11\/Miteinander-1.jpg\" class=\"attachment-full size-full wp-image-312\" alt=\"\" srcset=\"https:\/\/fototage.heimat.co\/wp-content\/uploads\/2022\/11\/Miteinander-1.jpg 1280w, https:\/\/fototage.heimat.co\/wp-content\/uploads\/2022\/11\/Miteinander-1-300x225.jpg 300w, https:\/\/fototage.heimat.co\/wp-content\/uploads\/2022\/11\/Miteinander-1-1024x768.jpg 1024w, https:\/\/fototage.heimat.co\/wp-content\/uploads\/2022\/11\/Miteinander-1-768x576.jpg 768w\" sizes=\"(max-width: 1280px) 100vw, 1280px\" \/>\t\t\t\t\t\t\t\t\t\t\t\t\t\t\t<\/div>\n\t\t\t\t<\/div>\n\t\t<div class=\"elementor-element elementor-element-1df1dd33 e-con-full e-flex e-con e-child\" data-id=\"1df1dd33\" data-element_type=\"container\">\n\t\t\t\t<div class=\"elementor-element elementor-element-47cabb29 elementor-invisible elementor-widget elementor-widget-image\" data-id=\"47cabb29\" data-element_type=\"widget\" data-settings=\"{&quot;motion_fx_motion_fx_scrolling&quot;:&quot;yes&quot;,&quot;motion_fx_translateY_effect&quot;:&quot;yes&quot;,&quot;_animation&quot;:&quot;fadeInDown&quot;,&quot;motion_fx_translateY_speed&quot;:{&quot;unit&quot;:&quot;px&quot;,&quot;size&quot;:4,&quot;sizes&quot;:[]},&quot;motion_fx_translateY_affectedRange&quot;:{&quot;unit&quot;:&quot;%&quot;,&quot;size&quot;:&quot;&quot;,&quot;sizes&quot;:{&quot;start&quot;:0,&quot;end&quot;:100}},&quot;motion_fx_devices&quot;:[&quot;desktop&quot;,&quot;tablet&quot;,&quot;mobile&quot;]}\" data-widget_type=\"image.default\">\n\t\t\t\t\t\t\t\t\t\t\t\t\t\t\t<img loading=\"lazy\" decoding=\"async\" width=\"1280\" height=\"960\" src=\"https:\/\/fototage.heimat.co\/wp-content\/uploads\/2022\/11\/Miteinander-2.jpg\" class=\"attachment-full size-full wp-image-313\" alt=\"\" srcset=\"https:\/\/fototage.heimat.co\/wp-content\/uploads\/2022\/11\/Miteinander-2.jpg 1280w, https:\/\/fototage.heimat.co\/wp-content\/uploads\/2022\/11\/Miteinander-2-300x225.jpg 300w, https:\/\/fototage.heimat.co\/wp-content\/uploads\/2022\/11\/Miteinander-2-1024x768.jpg 1024w, https:\/\/fototage.heimat.co\/wp-content\/uploads\/2022\/11\/Miteinander-2-768x576.jpg 768w\" sizes=\"(max-width: 1280px) 100vw, 1280px\" \/>\t\t\t\t\t\t\t\t\t\t\t\t\t\t\t<\/div>\n\t\t\t\t<\/div>\n\t\t\t\t<\/div>\n\t\t\t\t<\/div>\n\t\t","protected":false},"excerpt":{"rendered":"<p>\u00dcber uns Andr\u00e9 Straub ist Begr\u00fcnder und Organisator der Fototage Freinsheim (geb. 1972). Er besch\u00e4ftigt sich seit 2013 mit der Fotografie. Begonnen hat er noch in der nichtdigitalen Fotografie, um dann zumeist sich der Landschafts- und Naturfotografie zu widmen. 2020 hat er das Unternehmen Heimatlichter GmbH mitbegr\u00fcndet, welches Foto-Events, Fineartprints, Auftragsfotografie und virtuelle Ausstellung anbietet. [&hellip;]<\/p>\n","protected":false},"author":1,"featured_media":73,"parent":0,"menu_order":0,"comment_status":"closed","ping_status":"closed","template":"elementor_header_footer","meta":{"footnotes":""},"class_list":["post-64","page","type-page","status-publish","has-post-thumbnail","hentry"],"yoast_head":"<!-- This site is optimized with the Yoast SEO plugin v26.5 - https:\/\/yoast.com\/wordpress\/plugins\/seo\/ -->\n<title>\u00dcber uns - Fototage Freinsheim - DAS Fotofestival der Pfalz<\/title>\n<meta name=\"robots\" content=\"noindex, follow, max-snippet:-1, max-image-preview:large, max-video-preview:-1\" \/>\n<meta property=\"og:locale\" content=\"de_DE\" \/>\n<meta property=\"og:type\" content=\"article\" \/>\n<meta property=\"og:title\" content=\"\u00dcber uns - Fototage Freinsheim - DAS Fotofestival der Pfalz\" \/>\n<meta property=\"og:description\" content=\"\u00dcber uns Andr\u00e9 Straub ist Begr\u00fcnder und Organisator der Fototage Freinsheim (geb. 1972). Er besch\u00e4ftigt sich seit 2013 mit der Fotografie. Begonnen hat er noch in der nichtdigitalen Fotografie, um dann zumeist sich der Landschafts- und Naturfotografie zu widmen. 2020 hat er das Unternehmen Heimatlichter GmbH mitbegr\u00fcndet, welches Foto-Events, Fineartprints, Auftragsfotografie und virtuelle Ausstellung anbietet. [&hellip;]\" \/>\n<meta property=\"og:url\" content=\"https:\/\/fototage.heimat.co\/?page_id=64\" \/>\n<meta property=\"og:site_name\" content=\"Fototage Freinsheim - DAS Fotofestival der Pfalz\" \/>\n<meta property=\"article:modified_time\" content=\"2025-12-12T09:58:56+00:00\" \/>\n<meta property=\"og:image\" content=\"https:\/\/fototage.heimat.co\/wp-content\/uploads\/2025\/12\/Handmade-Kid-Shop-Product-single-page.jpg\" \/>\n\t<meta property=\"og:image:width\" content=\"400\" \/>\n\t<meta property=\"og:image:height\" content=\"380\" \/>\n\t<meta property=\"og:image:type\" content=\"image\/jpeg\" \/>\n<meta name=\"twitter:card\" content=\"summary_large_image\" \/>\n<meta name=\"twitter:label1\" content=\"Gesch\u00e4tzte Lesezeit\" \/>\n\t<meta name=\"twitter:data1\" content=\"2\u00a0Minuten\" \/>\n<script type=\"application\/ld+json\" class=\"yoast-schema-graph\">{\"@context\":\"https:\/\/schema.org\",\"@graph\":[{\"@type\":\"WebPage\",\"@id\":\"https:\/\/fototage.heimat.co\/?page_id=64\",\"url\":\"https:\/\/fototage.heimat.co\/?page_id=64\",\"name\":\"\u00dcber uns - Fototage Freinsheim - DAS Fotofestival der Pfalz\",\"isPartOf\":{\"@id\":\"https:\/\/fototage.heimat.co\/#website\"},\"primaryImageOfPage\":{\"@id\":\"https:\/\/fototage.heimat.co\/?page_id=64#primaryimage\"},\"image\":{\"@id\":\"https:\/\/fototage.heimat.co\/?page_id=64#primaryimage\"},\"thumbnailUrl\":\"https:\/\/fototage.heimat.co\/wp-content\/uploads\/2025\/12\/Handmade-Kid-Shop-Product-single-page.jpg\",\"datePublished\":\"2025-12-08T10:30:39+00:00\",\"dateModified\":\"2025-12-12T09:58:56+00:00\",\"breadcrumb\":{\"@id\":\"https:\/\/fototage.heimat.co\/?page_id=64#breadcrumb\"},\"inLanguage\":\"de\",\"potentialAction\":[{\"@type\":\"ReadAction\",\"target\":[\"https:\/\/fototage.heimat.co\/?page_id=64\"]}]},{\"@type\":\"ImageObject\",\"inLanguage\":\"de\",\"@id\":\"https:\/\/fototage.heimat.co\/?page_id=64#primaryimage\",\"url\":\"https:\/\/fototage.heimat.co\/wp-content\/uploads\/2025\/12\/Handmade-Kid-Shop-Product-single-page.jpg\",\"contentUrl\":\"https:\/\/fototage.heimat.co\/wp-content\/uploads\/2025\/12\/Handmade-Kid-Shop-Product-single-page.jpg\",\"width\":400,\"height\":380},{\"@type\":\"BreadcrumbList\",\"@id\":\"https:\/\/fototage.heimat.co\/?page_id=64#breadcrumb\",\"itemListElement\":[{\"@type\":\"ListItem\",\"position\":1,\"name\":\"Startseite\",\"item\":\"https:\/\/fototage.heimat.co\/\"},{\"@type\":\"ListItem\",\"position\":2,\"name\":\"\u00dcber uns\"}]},{\"@type\":\"WebSite\",\"@id\":\"https:\/\/fototage.heimat.co\/#website\",\"url\":\"https:\/\/fototage.heimat.co\/\",\"name\":\"Fototage Freinsheim - DAS Fotofestival der Pfalz\",\"description\":\"Fototage Freinsheim - DAS Fotofestival der Pfalz\",\"publisher\":{\"@id\":\"https:\/\/fototage.heimat.co\/#organization\"},\"potentialAction\":[{\"@type\":\"SearchAction\",\"target\":{\"@type\":\"EntryPoint\",\"urlTemplate\":\"https:\/\/fototage.heimat.co\/?s={search_term_string}\"},\"query-input\":{\"@type\":\"PropertyValueSpecification\",\"valueRequired\":true,\"valueName\":\"search_term_string\"}}],\"inLanguage\":\"de\"},{\"@type\":\"Organization\",\"@id\":\"https:\/\/fototage.heimat.co\/#organization\",\"name\":\"Fototage Freinsheim - DAS Fotofestival der Pfalz\",\"url\":\"https:\/\/fototage.heimat.co\/\",\"logo\":{\"@type\":\"ImageObject\",\"inLanguage\":\"de\",\"@id\":\"https:\/\/fototage.heimat.co\/#\/schema\/logo\/image\/\",\"url\":\"https:\/\/fototage.heimat.co\/wp-content\/uploads\/2023\/03\/cropped-Icon-Fototage-Freinsheim-1.png\",\"contentUrl\":\"https:\/\/fototage.heimat.co\/wp-content\/uploads\/2023\/03\/cropped-Icon-Fototage-Freinsheim-1.png\",\"width\":512,\"height\":512,\"caption\":\"Fototage Freinsheim - DAS Fotofestival der Pfalz\"},\"image\":{\"@id\":\"https:\/\/fototage.heimat.co\/#\/schema\/logo\/image\/\"}}]}<\/script>\n<!-- \/ Yoast SEO plugin. -->","yoast_head_json":{"title":"\u00dcber uns - Fototage Freinsheim - DAS Fotofestival der Pfalz","robots":{"index":"noindex","follow":"follow","max-snippet":"max-snippet:-1","max-image-preview":"max-image-preview:large","max-video-preview":"max-video-preview:-1"},"og_locale":"de_DE","og_type":"article","og_title":"\u00dcber uns - Fototage Freinsheim - DAS Fotofestival der Pfalz","og_description":"\u00dcber uns Andr\u00e9 Straub ist Begr\u00fcnder und Organisator der Fototage Freinsheim (geb. 1972). Er besch\u00e4ftigt sich seit 2013 mit der Fotografie. Begonnen hat er noch in der nichtdigitalen Fotografie, um dann zumeist sich der Landschafts- und Naturfotografie zu widmen. 2020 hat er das Unternehmen Heimatlichter GmbH mitbegr\u00fcndet, welches Foto-Events, Fineartprints, Auftragsfotografie und virtuelle Ausstellung anbietet. [&hellip;]","og_url":"https:\/\/fototage.heimat.co\/?page_id=64","og_site_name":"Fototage Freinsheim - DAS Fotofestival der Pfalz","article_modified_time":"2025-12-12T09:58:56+00:00","og_image":[{"width":400,"height":380,"url":"https:\/\/fototage.heimat.co\/wp-content\/uploads\/2025\/12\/Handmade-Kid-Shop-Product-single-page.jpg","type":"image\/jpeg"}],"twitter_card":"summary_large_image","twitter_misc":{"Gesch\u00e4tzte Lesezeit":"2\u00a0Minuten"},"schema":{"@context":"https:\/\/schema.org","@graph":[{"@type":"WebPage","@id":"https:\/\/fototage.heimat.co\/?page_id=64","url":"https:\/\/fototage.heimat.co\/?page_id=64","name":"\u00dcber uns - Fototage Freinsheim - DAS Fotofestival der Pfalz","isPartOf":{"@id":"https:\/\/fototage.heimat.co\/#website"},"primaryImageOfPage":{"@id":"https:\/\/fototage.heimat.co\/?page_id=64#primaryimage"},"image":{"@id":"https:\/\/fototage.heimat.co\/?page_id=64#primaryimage"},"thumbnailUrl":"https:\/\/fototage.heimat.co\/wp-content\/uploads\/2025\/12\/Handmade-Kid-Shop-Product-single-page.jpg","datePublished":"2025-12-08T10:30:39+00:00","dateModified":"2025-12-12T09:58:56+00:00","breadcrumb":{"@id":"https:\/\/fototage.heimat.co\/?page_id=64#breadcrumb"},"inLanguage":"de","potentialAction":[{"@type":"ReadAction","target":["https:\/\/fototage.heimat.co\/?page_id=64"]}]},{"@type":"ImageObject","inLanguage":"de","@id":"https:\/\/fototage.heimat.co\/?page_id=64#primaryimage","url":"https:\/\/fototage.heimat.co\/wp-content\/uploads\/2025\/12\/Handmade-Kid-Shop-Product-single-page.jpg","contentUrl":"https:\/\/fototage.heimat.co\/wp-content\/uploads\/2025\/12\/Handmade-Kid-Shop-Product-single-page.jpg","width":400,"height":380},{"@type":"BreadcrumbList","@id":"https:\/\/fototage.heimat.co\/?page_id=64#breadcrumb","itemListElement":[{"@type":"ListItem","position":1,"name":"Startseite","item":"https:\/\/fototage.heimat.co\/"},{"@type":"ListItem","position":2,"name":"\u00dcber uns"}]},{"@type":"WebSite","@id":"https:\/\/fototage.heimat.co\/#website","url":"https:\/\/fototage.heimat.co\/","name":"Fototage Freinsheim - DAS Fotofestival der Pfalz","description":"Fototage Freinsheim - DAS Fotofestival der Pfalz","publisher":{"@id":"https:\/\/fototage.heimat.co\/#organization"},"potentialAction":[{"@type":"SearchAction","target":{"@type":"EntryPoint","urlTemplate":"https:\/\/fototage.heimat.co\/?s={search_term_string}"},"query-input":{"@type":"PropertyValueSpecification","valueRequired":true,"valueName":"search_term_string"}}],"inLanguage":"de"},{"@type":"Organization","@id":"https:\/\/fototage.heimat.co\/#organization","name":"Fototage Freinsheim - DAS Fotofestival der Pfalz","url":"https:\/\/fototage.heimat.co\/","logo":{"@type":"ImageObject","inLanguage":"de","@id":"https:\/\/fototage.heimat.co\/#\/schema\/logo\/image\/","url":"https:\/\/fototage.heimat.co\/wp-content\/uploads\/2023\/03\/cropped-Icon-Fototage-Freinsheim-1.png","contentUrl":"https:\/\/fototage.heimat.co\/wp-content\/uploads\/2023\/03\/cropped-Icon-Fototage-Freinsheim-1.png","width":512,"height":512,"caption":"Fototage Freinsheim - DAS Fotofestival der Pfalz"},"image":{"@id":"https:\/\/fototage.heimat.co\/#\/schema\/logo\/image\/"}}]}},"_links":{"self":[{"href":"https:\/\/fototage.heimat.co\/index.php?rest_route=\/wp\/v2\/pages\/64","targetHints":{"allow":["GET"]}}],"collection":[{"href":"https:\/\/fototage.heimat.co\/index.php?rest_route=\/wp\/v2\/pages"}],"about":[{"href":"https:\/\/fototage.heimat.co\/index.php?rest_route=\/wp\/v2\/types\/page"}],"author":[{"embeddable":true,"href":"https:\/\/fototage.heimat.co\/index.php?rest_route=\/wp\/v2\/users\/1"}],"replies":[{"embeddable":true,"href":"https:\/\/fototage.heimat.co\/index.php?rest_route=%2Fwp%2Fv2%2Fcomments&post=64"}],"version-history":[{"count":14,"href":"https:\/\/fototage.heimat.co\/index.php?rest_route=\/wp\/v2\/pages\/64\/revisions"}],"predecessor-version":[{"id":783,"href":"https:\/\/fototage.heimat.co\/index.php?rest_route=\/wp\/v2\/pages\/64\/revisions\/783"}],"wp:featuredmedia":[{"embeddable":true,"href":"https:\/\/fototage.heimat.co\/index.php?rest_route=\/wp\/v2\/media\/73"}],"wp:attachment":[{"href":"https:\/\/fototage.heimat.co\/index.php?rest_route=%2Fwp%2Fv2%2Fmedia&parent=64"}],"curies":[{"name":"wp","href":"https:\/\/api.w.org\/{rel}","templated":true}]}}